{"id":435,"date":"2018-06-01T07:05:53","date_gmt":"2018-06-01T07:05:53","guid":{"rendered":"https:\/\/staging.lapescaatavola.it\/?page_id=435"},"modified":"2018-06-01T07:29:16","modified_gmt":"2018-06-01T07:29:16","slug":"der-pfirsich-von-verona","status":"publish","type":"page","link":"https:\/\/lapescaatavola.it\/?page_id=435&lang=de","title":{"rendered":"DER PFIRSICH VON VERONA"},"content":{"rendered":"<p class=\"subtitle text-justify\" style=\"text-align: center;\">Der Pfirsich ist die ideale Frucht f\u00fcr den Sommer: erfrischend, durststillend und kalorienarm, er ist ideal f\u00fcr all diejenigen, die sich fit halten m\u00f6chten. Der Pfirsich, die Frucht des Pfirsichbaums, Prunus persica, stammt aus China, wo er als Symbol der Unsterblichkeit gilt.<\/p>\n<p>&nbsp;<\/p>\n<p style=\"text-align: center;\"><!--<\/div>\n\n\n--><\/p>\n<div class=\"row\" style=\"text-align: center;\">\n<p><!--\n\n\n<div class=\"col-xs-6 col-sm-2 col-md-12\">\n\n --><\/p>\n<div class=\"wow bounceInUp animated\" data-wow-delay=\"0.5s\">\n<div class=\"team boxed-grey\">\n<div class=\"inner\">\n<h4>8 DINGE, DIE SIE \u00dcBER DEN PFIRSICH WISSEN SOLLTEN<\/h4>\n<p>&nbsp;<\/p>\n<p class=\"subtitle\" align=\"left\">1. Der Pfirsich ist erfrischend, durststillend und kalorienarm: die ideale Frucht f\u00fcr den Sommer, perfekt f\u00fcr all diejenigen, die sich fit halten m\u00f6chten<br \/>\n2. Der Pfirsichbaum stammt aus China, wo er als Symbol der Unsterblichkeit gilt<br \/>\n3. Der Pfirsich ist ideal als Snack am Vormittag: er liefert Zucker ohne K\u00f6rperbelastung<br \/>\n4. Er ist ein ausgezeichnetes Antioxidans: er ist diuretisch und kann gegen W\u00fcrmer helfen<br \/>\n5. Er st\u00e4rkt Z\u00e4hne und Knochen und sch\u00fctzt Haut und Augen<br \/>\n6. Er verst\u00e4rkt die Br\u00e4unung, hilft der Haut, elastisch und jung zu bleiben: Er wird viel in der Kosmetik verwendet<br \/>\n7. Zur Vermeidung von Magenverstimmungen sollte man nach dem Verzehr dieser Frucht wenig bzw. gar kein Wasser trinken<br \/>\n8. Der Kern enth\u00e4lt Samen, die aber nicht essbar sind!<\/p>\n<p align=\"left\">\n<\/div>\n<\/div>\n<\/div>\n<p><!--<\/div>\n\n\n--><\/p>\n<\/div>\n<div class=\"row\">\n<p style=\"text-align: center;\"><!--<\/p>\n\n\n\n\n\n<div class=\"col-xs-6 col-sm-3 col-md-3\">\n\n --><\/p>\n<div class=\"wow bounceInUp animated\" data-wow-delay=\"0.8s\">\n<div class=\"team boxed-grey\">\n<div class=\"inner\">\n<h4 style=\"text-align: center;\">KALORIEN UND N\u00c4HRWERTE (pro 100 g Produkt)<\/h4>\n<\/div>\n<\/div>\n<p>&nbsp;<\/p>\n<div class=\"team boxed-grey\">\n<div class=\"inner\">\n<p>&nbsp;<\/p>\n<p class=\"subtitle text-center\" style=\"text-align: center;\">Kalorien: 27 Kcal<br \/>\nWasser: 90,7 g.<br \/>\nKohlenhydrate: 6,1 g.<br \/>\nEiwei\u00df: 0,8 g.<br \/>\nZucker: 6,1 g.<br \/>\nBallaststoffe: 1,6 g.<br \/>\nKalzium: 8 mg.<br \/>\nNatrium: 3 mg.<br \/>\nEisen: 0,4 mg.<br \/>\nKalium: 260 mg.<\/p>\n<\/div>\n<p>&nbsp;<\/p>\n<div class=\"inner\">\n<p><img loading=\"lazy\" decoding=\"async\" class=\"size-full wp-image-450 aligncenter\" src=\"https:\/\/staging.lapescaatavola.it\/wp-content\/uploads\/2018\/06\/meta-chart-2.jpeg\" alt=\"\" width=\"1200\" height=\"800\" srcset=\"https:\/\/lapescaatavola.it\/wp-content\/uploads\/2018\/06\/meta-chart-2.jpeg 1200w, https:\/\/lapescaatavola.it\/wp-content\/uploads\/2018\/06\/meta-chart-2-300x200.jpeg 300w, https:\/\/lapescaatavola.it\/wp-content\/uploads\/2018\/06\/meta-chart-2-768x512.jpeg 768w, https:\/\/lapescaatavola.it\/wp-content\/uploads\/2018\/06\/meta-chart-2-1024x683.jpeg 1024w\" sizes=\"auto, (max-width: 1200px) 100vw, 1200px\" \/><\/p>\n<\/div>\n<\/div>\n<\/div>\n<\/div>\n","protected":false},"excerpt":{"rendered":"<p>Der Pfirsich ist die ideale Frucht f\u00fcr den Sommer: erfrischend, durststillend und kalorienarm, er ist ideal f\u00fcr all diejenigen, die sich fit halten m\u00f6chten. Der Pfirsich, die Frucht des Pfirsichbaums, Prunus persica, stammt aus China, wo er als Symbol der Unsterblichkeit gilt. &nbsp; 8 DINGE, DIE SIE \u00dcBER DEN PFIRSICH WISSEN SOLLTEN &nbsp; 1. Der&hellip;<\/p>\n","protected":false},"author":1,"featured_media":0,"parent":0,"menu_order":0,"comment_status":"closed","ping_status":"closed","template":"","meta":{"jetpack_post_was_ever_published":false,"footnotes":""},"class_list":["post-435","page","type-page","status-publish","hentry"],"jetpack_sharing_enabled":true,"jetpack_shortlink":"https:\/\/wp.me\/P9XN0S-71","_links":{"self":[{"href":"https:\/\/lapescaatavola.it\/index.php?rest_route=\/wp\/v2\/pages\/435","targetHints":{"allow":["GET"]}}],"collection":[{"href":"https:\/\/lapescaatavola.it\/index.php?rest_route=\/wp\/v2\/pages"}],"about":[{"href":"https:\/\/lapescaatavola.it\/index.php?rest_route=\/wp\/v2\/types\/page"}],"author":[{"embeddable":true,"href":"https:\/\/lapescaatavola.it\/index.php?rest_route=\/wp\/v2\/users\/1"}],"replies":[{"embeddable":true,"href":"https:\/\/lapescaatavola.it\/index.php?rest_route=%2Fwp%2Fv2%2Fcomments&post=435"}],"version-history":[{"count":7,"href":"https:\/\/lapescaatavola.it\/index.php?rest_route=\/wp\/v2\/pages\/435\/revisions"}],"predecessor-version":[{"id":451,"href":"https:\/\/lapescaatavola.it\/index.php?rest_route=\/wp\/v2\/pages\/435\/revisions\/451"}],"wp:attachment":[{"href":"https:\/\/lapescaatavola.it\/index.php?rest_route=%2Fwp%2Fv2%2Fmedia&parent=435"}],"curies":[{"name":"wp","href":"https:\/\/api.w.org\/{rel}","templated":true}]}}